{"id":17,"date":"2016-01-26T17:19:28","date_gmt":"2016-01-26T17:19:28","guid":{"rendered":"http:\/\/claricejaeger.com\/?page_id=17"},"modified":"2016-09-08T16:17:17","modified_gmt":"2016-09-08T16:17:17","slug":"17-2","status":"publish","type":"page","link":"https:\/\/claricejaeger.com\/?page_id=17","title":{"rendered":"Sobre"},"content":{"rendered":"<div id=\"attachment_193\" style=\"width: 313px\" class=\"wp-caption alignright\"><img loading=\"lazy\" decoding=\"async\" aria-describedby=\"caption-attachment-193\" class=\"wp-image-193\" src=\"http:\/\/claricejaeger.com\/wp-content\/uploads\/2016\/02\/DSC02331-Copy.jpg\" alt=\"Corso Italia\" width=\"303\" height=\"439\" srcset=\"https:\/\/claricejaeger.com\/wp-content\/uploads\/2016\/02\/DSC02331-Copy.jpg 540w, https:\/\/claricejaeger.com\/wp-content\/uploads\/2016\/02\/DSC02331-Copy-207x300.jpg 207w\" sizes=\"auto, (max-width: 303px) 100vw, 303px\" \/><p id=\"caption-attachment-193\" class=\"wp-caption-text\">SCUOLA MOSAICISTI DEL FRIULI Corso di introduzione al mosaico,2014 SPILIMBERGO, ITALIA<\/p><\/div>\n<p style=\"text-align: justify;\">\u00a0 Clarice Jaeger \u00e9 graduada em Artes Pl\u00e1sticas, com especialidade em pintura pelo Instituto de Artes da Universidade Federal do Rio Grande do Sul (UFRGS). Tamb\u00e9m cursou Arquitetura na Unisinos e fez especializa\u00e7\u00e3o em Arte Sacra na Faculdade de Teologia Nossa Senhora da Assun\u00e7\u00e3o, em S\u00e3o Paulo\/SP, al\u00e9m de v\u00e1rios cursos em xilogravura e arte sacra com especialistas brasileiros e estrangeiros. Realizou exposi\u00e7\u00f5es individuais, obtendo dez premia\u00e7\u00f5es, sendo nove em sal\u00f5es de arte nacionais e uma internacional. Participou de exposi\u00e7\u00f5es coletivas em Cuba, Israel e Argentina,\u00a0bem como diversas outras pelo Brasil. Ilustrou livros infantis para a Editora Shinseken de T\u00f3quio, realizou out-doors em S\u00e3o Paulo e Porto Alegre, pinturas de altares e estandartes em Gravata\u00ed, Porto Alegre, Rio de Janeiro e Manaus. Possui obras em acervos em\u00a0museus de arte de S\u00e3o Paulo, Pernambuco, Esp\u00edrito Santo e Rio Grande do Sul.<\/p>\n<p style=\"text-align: justify;\"><em>&#8230;\u201cClarice \u00e9 uma artista inquieta e vers\u00e1til, de tra\u00e7os graciosos e\u00a0divertidos, que domina com rara t\u00e9cnica estrat\u00e9gias conceituais. Seu forte \u00e9 uma\u00a0situa\u00e7\u00e3o de maturidade e defini\u00e7\u00e3o no tratamento formal de novos temas, da\u00ed\u00a0talvez o reconhecimento e o interesse pelo seu trabalho por parte da vis\u00e3o\u00a0avan\u00e7ada de um pa\u00eds como o Jap\u00e3o.\u201d&#8230;<\/em><\/p>\n<p style=\"text-align: justify;\">Trecho da reportagem de Wilson RochaPoeta e cr\u00edtico de arte, autor do Livro \u201cArtes Pl\u00e1sticas em Quest\u00e3o\u201d<\/p>\n<p style=\"text-align: justify;\">Jornal A Tarde- Salvador Bahia- 7\/6\/2003<\/p>\n<div id=\"attachment_243\" style=\"width: 636px\" class=\"wp-caption aligncenter\"><img loading=\"lazy\" decoding=\"async\" aria-describedby=\"caption-attachment-243\" class=\"wp-image-243\" src=\"http:\/\/claricejaeger.com\/wp-content\/uploads\/2016\/02\/20160623_100721.jpg\" alt=\"20160623_100721\" width=\"626\" height=\"391\" srcset=\"https:\/\/claricejaeger.com\/wp-content\/uploads\/2016\/02\/20160623_100721.jpg 960w, https:\/\/claricejaeger.com\/wp-content\/uploads\/2016\/02\/20160623_100721-300x188.jpg 300w\" sizes=\"auto, (max-width: 626px) 100vw, 626px\" \/><p id=\"caption-attachment-243\" class=\"wp-caption-text\">Corso di Pittura Tecniche Antiche e corso di Affresco l&#8217;Accademia D&#8217;Arte AD&#8217;A, Firenze, Italia, 2016<\/p><\/div>\n\n\t\t\t<div id='gallery-17-1' class='gallery gallery-17'>\n\t\t\t\t<div class='gallery-row gallery-col-2 gallery-clear'>\n\t\t\t\t\t<figure class='gallery-item col-2'>\n\t\t\t\t\t\t<div class='gallery-icon '><img loading=\"lazy\" decoding=\"async\" width=\"394\" height=\"700\" src=\"https:\/\/claricejaeger.com\/wp-content\/uploads\/2016\/02\/DSC02861.jpg\" class=\"attachment-full size-full\" alt=\"\" srcset=\"https:\/\/claricejaeger.com\/wp-content\/uploads\/2016\/02\/DSC02861.jpg 394w, https:\/\/claricejaeger.com\/wp-content\/uploads\/2016\/02\/DSC02861-169x300.jpg 169w\" sizes=\"auto, (max-width: 394px) 100vw, 394px\" \/><\/div>\n\t\t\t\t\t\t<figcaption class='gallery-caption'>Corso di mosaico Scuola Mosaicisti del Friuli, Spilimbergo, Italia 2015.<\/figcaption>\n\t\t\t\t\t<\/figure>\n\t\t\t\t\t<figure class='gallery-item col-2'>\n\t\t\t\t\t\t<div class='gallery-icon '><img loading=\"lazy\" decoding=\"async\" width=\"482\" height=\"750\" src=\"https:\/\/claricejaeger.com\/wp-content\/uploads\/2016\/02\/Mosaico_Mae.jpg\" class=\"attachment-full size-full\" alt=\"\" srcset=\"https:\/\/claricejaeger.com\/wp-content\/uploads\/2016\/02\/Mosaico_Mae.jpg 482w, https:\/\/claricejaeger.com\/wp-content\/uploads\/2016\/02\/Mosaico_Mae-193x300.jpg 193w\" sizes=\"auto, (max-width: 482px) 100vw, 482px\" \/><\/div>\n\t\t\t\t\t\t<figcaption class='gallery-caption'>Corso di mosaico nel laboratorio di Dagmar Friedrich mosaicista alem\u00e3, Spilimbergo, Italia 2015.<\/figcaption>\n\t\t\t\t\t<\/figure>\n\t\t\t\t<\/div>\n\t\t\t<\/div><!-- .gallery -->\n\n<p style=\"text-align: justify;\"><img loading=\"lazy\" decoding=\"async\" class=\"size-full wp-image-194\" src=\"http:\/\/claricejaeger.com\/wp-content\/uploads\/2016\/02\/DSC02438.jpg\" alt=\"Corso Master in Mosaico Livello 3 Laboratorio di Mosaico con Giosu\u00e8 Cangemi Monreale \u2013 Sicilia IT, agosto 2014\" width=\"1152\" height=\"648\" srcset=\"https:\/\/claricejaeger.com\/wp-content\/uploads\/2016\/02\/DSC02438.jpg 1152w, https:\/\/claricejaeger.com\/wp-content\/uploads\/2016\/02\/DSC02438-300x169.jpg 300w, https:\/\/claricejaeger.com\/wp-content\/uploads\/2016\/02\/DSC02438-1024x576.jpg 1024w, https:\/\/claricejaeger.com\/wp-content\/uploads\/2016\/02\/DSC02438-640x360.jpg 640w\" sizes=\"auto, (max-width: 1152px) 100vw, 1152px\" \/><\/p>\n<p style=\"text-align: justify;\">Corso Master in Mosaico Livello 3<br \/>\nLaboratorio di Mosaico con Giosu\u00e8 Cangemi<br \/>\nMonreale \u2013 Sicilia IT, agosto 2014<\/p>\n<p style=\"text-align: justify;\"><img loading=\"lazy\" decoding=\"async\" class=\"alignnone size-full wp-image-269\" src=\"http:\/\/claricejaeger.com\/wp-content\/uploads\/2016\/01\/DSC02864-Copy.jpg\" alt=\"DSC02864 - Copy\" width=\"1067\" height=\"600\" srcset=\"https:\/\/claricejaeger.com\/wp-content\/uploads\/2016\/01\/DSC02864-Copy.jpg 1067w, https:\/\/claricejaeger.com\/wp-content\/uploads\/2016\/01\/DSC02864-Copy-300x169.jpg 300w, https:\/\/claricejaeger.com\/wp-content\/uploads\/2016\/01\/DSC02864-Copy-1024x576.jpg 1024w, https:\/\/claricejaeger.com\/wp-content\/uploads\/2016\/01\/DSC02864-Copy-640x360.jpg 640w\" sizes=\"auto, (max-width: 1067px) 100vw, 1067px\" \/><\/p>\n<p style=\"text-align: justify;\"><em>&#8230;\u201dO trabalho de Clarice Jaeger para a editora Shinseken \u00e9 primoroso\u00a0<\/em><em>e nele a artista lan\u00e7a m\u00e3o de todo seu potencial t\u00e9cnico e po\u00e9tico, sua vis\u00e3o\u00a0<\/em><em>positiva de mundo. Ela constr\u00f3i atrav\u00e9s das imagens um conjunto expressivo\u00a0<\/em><em>e atraente de significados culturais resultado de sua sensibilidade pl\u00e1stica,\u00a0<\/em><em>capatando e transmitindo, com precis\u00e3o de cortes e escolha cuidadosa de\u00a0<\/em><em>cores, o fasc\u00ednio da leitura.&#8221;<\/em><\/p>\n<p style=\"text-align: justify;\">Trecho da reportagem da jornalista Teniza Spinelli autora de v\u00e1rios\u00a0livros de poesia j\u00e1 publicados.<\/p>\n<p style=\"text-align: justify;\">Jornal Usina do Porto-Porto Alegre-Rs- 2007<\/p>\n<p>ATTILIO IGNACIO HARTMAN SJ<\/p>\n<p>&#8230;\u201dAqui, uma palavra para meus irm\u00e3os no sacerd\u00f3cio ministerial: a\u00a0obra de Clarice Jaeger \u00e9 o convite para um passeio pelo mundo da arte\u00a0iconogr\u00e1fica e sua import\u00e2ncia na viv\u00eancia e na express\u00e3o do sagrado em\u00a0diferentes culturas ao longo da hist\u00f3ria&#8230;. E, tamb\u00e9m, um convite a voltar\u00a0a contemplar o belo que se manifesta, t\u00e3o expressivamente, na iconografia\u00a0do mundo crist\u00e3o.\u00a0O sacerdote \u00e9 ou deveria ser o homem que \u201cperde tempo\u201d para\u00a0contemplar a beleza da cria\u00e7\u00e3o de Deus. E nesta contempla\u00e7\u00e3o receber a\u00a0inspira\u00e7\u00e3o para ser a palavra evangelizadora, o sacramento de perd\u00e3o, o\u00a0gesto de salva\u00e7\u00e3o, a presen\u00e7a de vida em sua comunidade.\u201d &#8230;<\/p>\n<p>Trecho do pref\u00e1cio do livro<\/p>\n<p><img loading=\"lazy\" decoding=\"async\" class=\"wp-image-286 aligncenter\" src=\"http:\/\/claricejaeger.com\/wp-content\/uploads\/2016\/02\/arte-sacra-1.jpg\" alt=\"arte sacra\" width=\"362\" height=\"511\" srcset=\"https:\/\/claricejaeger.com\/wp-content\/uploads\/2016\/02\/arte-sacra-1.jpg 1854w, https:\/\/claricejaeger.com\/wp-content\/uploads\/2016\/02\/arte-sacra-1-212x300.jpg 212w, https:\/\/claricejaeger.com\/wp-content\/uploads\/2016\/02\/arte-sacra-1-724x1024.jpg 724w\" sizes=\"auto, (max-width: 362px) 100vw, 362px\" \/><\/p>\n<p>MOSTEIRO DA SANTISSIMA TRINDADE<\/p>\n<p>&#8230;\u201cNeste livro de agrad\u00e1vel leitura, faz-nos ingressar no universo desconhecido, para muitos, e fascinante para todos da arte sacra de diferentes eras. Transmite-nos importantes lineamentos sobre os principais estilos da arte sacra. Dos prim\u00f3rdios do cristianismo at\u00e9 os dias atuais. Analisa corajosamente o que temos no acervo art\u00edstico de templos cat\u00f3licos contempor\u00e2neos\u201d&#8230;..<\/p>\n","protected":false},"excerpt":{"rendered":"<p>\u00a0 Clarice Jaeger \u00e9 graduada em Artes Pl\u00e1sticas, com especialidade em pintura pelo Instituto de&#8230;<\/p>\n","protected":false},"author":1,"featured_media":0,"parent":0,"menu_order":0,"comment_status":"closed","ping_status":"closed","template":"","meta":{"footnotes":""},"class_list":["post-17","page","type-page","status-publish","hentry"],"_links":{"self":[{"href":"https:\/\/claricejaeger.com\/index.php?rest_route=\/wp\/v2\/pages\/17","targetHints":{"allow":["GET"]}}],"collection":[{"href":"https:\/\/claricejaeger.com\/index.php?rest_route=\/wp\/v2\/pages"}],"about":[{"href":"https:\/\/claricejaeger.com\/index.php?rest_route=\/wp\/v2\/types\/page"}],"author":[{"embeddable":true,"href":"https:\/\/claricejaeger.com\/index.php?rest_route=\/wp\/v2\/users\/1"}],"replies":[{"embeddable":true,"href":"https:\/\/claricejaeger.com\/index.php?rest_route=%2Fwp%2Fv2%2Fcomments&post=17"}],"version-history":[{"count":19,"href":"https:\/\/claricejaeger.com\/index.php?rest_route=\/wp\/v2\/pages\/17\/revisions"}],"predecessor-version":[{"id":308,"href":"https:\/\/claricejaeger.com\/index.php?rest_route=\/wp\/v2\/pages\/17\/revisions\/308"}],"wp:attachment":[{"href":"https:\/\/claricejaeger.com\/index.php?rest_route=%2Fwp%2Fv2%2Fmedia&parent=17"}],"curies":[{"name":"wp","href":"https:\/\/api.w.org\/{rel}","templated":true}]}}